{"id":1206,"date":"2020-09-20T18:08:28","date_gmt":"2020-09-20T16:08:28","guid":{"rendered":"https:\/\/www.hotel-argentiere.com\/chamonix\/"},"modified":"2020-09-22T17:11:23","modified_gmt":"2020-09-22T15:11:23","slug":"chamonix","status":"publish","type":"page","link":"https:\/\/www.hotel-argentiere.com\/en\/chamonix\/","title":{"rendered":"Chamonix"},"content":{"rendered":"<div class=\"wpb-content-wrapper\"><p>[vc_row row_padding_bottom=&#8221;padding_bottom_1-2&#8243;][vc_column width=&#8221;5\/6&#8243; offset=&#8221;vc_col-md-offset-2 vc_col-md-8&#8243;]<div class=\"heading_group_sc wpb_content_element subtitle_bottom   vc_custom_1582027899135  text-center\">\n\n\n    <h2>Chamonix<\/h2>\n\n\n        <span class=\"subtitle\">Mont-Blanc<\/span>\n\n        <div class=\"svg_divider\"><img decoding=\"async\" src=\"https:\/\/www.hotel-argentiere.com\/wp-content\/themes\/hotel-xenia\/templates\/shortcodes\/divider.png\"><\/div>\n<\/div>[vc_column_text css=&#8221;.vc_custom_1600787476622{margin-top: 0px !important;margin-bottom: 40px !important;}&#8221;]<\/p>\n<p style=\"text-align: center;\">Adjacent to the village of <a href=\"https:\/\/www.hotel-argentiere.com\/en\/argentiere\/\">Argenti\u00e8re<\/a>, Chamonix offers you various and varied activities to enhance your stay in winter as well as in summer.<\/p>\n<p style=\"text-align: center;\">With family or friends you can enjoy outdoor sports activities, suitable for everyone&#8217;s pleasure.<\/p>\n<p style=\"text-align: center;\">Take the Montenvers Train to see the Mer de Glace &#8230;<br \/>\nYou take off for a paragliding flight &#8230;<br \/>\nYou walk with your family in the <a href=\"http:\/\/www.parcdemerlet.com\/\" target=\"_blank\" rel=\"noopener noreferrer\">Parc de Merlet<\/a> &#8230;<\/p>\n<p style=\"text-align: center;\">You choose !<\/p>\n<p>[\/vc_column_text][\/vc_column][\/vc_row][vc_row full_width=&#8221;stretch_row_content_no_spaces&#8221; content_placement=&#8221;middle&#8221; row_padding_top=&#8221;padding_top_none&#8221; row_padding_bottom=&#8221;padding_bottom_none&#8221;][vc_column width=&#8221;1\/2&#8243; offset=&#8221;vc_col-lg-8 vc_col-md-7&#8243; css=&#8221;.vc_custom_1582022029696{background-image: url(https:\/\/www.hotel-argentiere.com\/wp-content\/uploads\/2020\/02\/Aiguille-du-Midi-OT-Chamonix-Salome-Abrial-1.jpg?id=941) !important;background-position: center !important;background-repeat: no-repeat !important;background-size: cover !important;}&#8221;][vc_empty_space height=&#8221;300px&#8221;][vc_empty_space height=&#8221;200px&#8221; el_class=&#8221;hidden-xs hidden-sm hidden-md&#8221;][vc_empty_space height=&#8221;100px&#8221; el_class=&#8221;hidden-xs&#8221;][vc_empty_space height=&#8221;100px&#8221; el_class=&#8221;hidden-xs hidden-sm&#8221;][\/vc_column][vc_column width=&#8221;1\/2&#8243; color_set=&#8221;white_section&#8221; align=&#8221;text-left&#8221; boxed=&#8221;boxed_plus&#8221; el_class=&#8221;col-md-pull-1&#8243; offset=&#8221;vc_col-lg-4 vc_col-md-5&#8243;]<div class=\"heading_group_sc wpb_content_element subtitle_top    text-left\">\n\n        <span class=\"subtitle\">Panorama<\/span>\n\n    <h4>aiguille du midi<\/h4>\n\n\n\n<\/div>[vc_column_text]<\/p>\n<p>The Aiguille du Midi cable car will transport you to an altitude of 3842m for a breathtaking panorama. You can also try the famous &#8220;Pas dans le vide&#8221;.<\/p>\n<p>[\/vc_column_text]<div class=\"plethora_button wpb_content_element   text-left \">\n    <a href=\"https:\/\/www.montblancnaturalresort.com\/en\/aiguille-du-midi\" class=\" btn btn-default  \" title=\"\"  target=\"_blank\">\n\n        \n        more information\n        \n\n    <\/a>\n<\/div>[\/vc_column][\/vc_row][vc_row full_width=&#8221;stretch_row_content_no_spaces&#8221; content_placement=&#8221;middle&#8221; row_padding_top=&#8221;padding_top_none&#8221; row_padding_bottom=&#8221;padding_bottom_none&#8221;][vc_column width=&#8221;1\/2&#8243; offset=&#8221;vc_col-lg-8 vc_col-md-7&#8243; css=&#8221;.vc_custom_1589190060625{background-image: url(https:\/\/www.hotel-argentiere.com\/wp-content\/uploads\/2020\/05\/Montenvers-Mer-de-Glace-Morgane-Raylat.jpg?id=1033) !important;background-position: center !important;background-repeat: no-repeat !important;background-size: cover !important;}&#8221; el_class=&#8221;col-sm-push-6 col-md-push-5 col-lg-push-4&#8243;][vc_empty_space height=&#8221;300px&#8221;][vc_empty_space height=&#8221;200px&#8221; el_class=&#8221;hidden-xs hidden-sm hidden-md&#8221;][vc_empty_space height=&#8221;100px&#8221; el_class=&#8221;hidden-xs&#8221;][vc_empty_space height=&#8221;100px&#8221; el_class=&#8221;hidden-xs hidden-sm&#8221;][\/vc_column][vc_column width=&#8221;1\/2&#8243; color_set=&#8221;white_section&#8221; align=&#8221;text-left&#8221; boxed=&#8221;boxed_plus&#8221; el_class=&#8221;col-sm-pull-6 col-md-pull-6 col-lg-pull-7&#8243; offset=&#8221;vc_col-lg-4 vc_col-md-5&#8243;]<div class=\"heading_group_sc wpb_content_element subtitle_top    text-left\">\n\n        <span class=\"subtitle\">panorama<\/span>\n\n    <h4>mer de glace<\/h4>\n\n\n\n<\/div>[vc_column_text]<\/p>\n<p>Come and discover the Mer de Glace, accessible from the Montenvers train. Typical train that takes you to an altitude of 1913 m. In addition to discovering the breathtaking view of the Drus and the Grandes Jorasses, you can visit the ice cave and the glacorium.<\/p>\n<p>[\/vc_column_text]<div class=\"plethora_button wpb_content_element   text-left \">\n    <a href=\"https:\/\/www.montblancnaturalresort.com\/en\/montenvers-mer-de-glace\" class=\" btn btn-default  \" title=\"\"  target=\"_blank\">\n\n        \n        more information\n        \n\n    <\/a>\n<\/div>[\/vc_column][\/vc_row][vc_row full_width=&#8221;stretch_row_content_no_spaces&#8221; content_placement=&#8221;middle&#8221; row_padding_top=&#8221;padding_top_none&#8221; row_padding_bottom=&#8221;padding_bottom_none&#8221;][vc_column width=&#8221;1\/2&#8243; offset=&#8221;vc_col-lg-8 vc_col-md-7&#8243; css=&#8221;.vc_custom_1589189890937{background-image: url(https:\/\/www.hotel-argentiere.com\/wp-content\/uploads\/2020\/02\/Flegere-OT-Vallee-de-Chamonix-Mont-Blanc.jpg?id=943) !important;background-position: center !important;background-repeat: no-repeat !important;background-size: cover !important;}&#8221;][vc_empty_space height=&#8221;300px&#8221;][vc_empty_space height=&#8221;200px&#8221; el_class=&#8221;hidden-xs hidden-sm hidden-md&#8221;][vc_empty_space height=&#8221;100px&#8221; el_class=&#8221;hidden-xs&#8221;][vc_empty_space height=&#8221;100px&#8221; el_class=&#8221;hidden-xs hidden-sm&#8221;][\/vc_column][vc_column width=&#8221;1\/2&#8243; color_set=&#8221;white_section&#8221; align=&#8221;text-left&#8221; boxed=&#8221;boxed_plus&#8221; el_class=&#8221;col-md-pull-1&#8243; offset=&#8221;vc_col-lg-4 vc_col-md-5&#8243;]<div class=\"heading_group_sc wpb_content_element subtitle_top    text-left\">\n\n        <span class=\"subtitle\">ski<\/span>\n\n    <h4>br\u00e9vent-fl\u00e9g\u00e8re area<\/h4>\n\n\n\n<\/div>[vc_column_text]<\/p>\n<p>The Br\u00e9vent -Fl\u00e8gre area facing South is ideal for skiing in winter and hiking in summer. The Br\u00e9vent area is accessible on foot from the town center, and it is linked by a cable car to the Fl\u00e9g\u00e8re area.<\/p>\n<p>[\/vc_column_text]<div class=\"plethora_button wpb_content_element   text-left \">\n    <a href=\"https:\/\/www.montblancnaturalresort.com\/en\/domaine-skiable-brevent\" class=\" btn btn-default  \" title=\"\"  target=\"_blank\">\n\n        \n        more information\n        \n\n    <\/a>\n<\/div>[\/vc_column][\/vc_row][vc_row full_width=&#8221;stretch_row_content_no_spaces&#8221; content_placement=&#8221;middle&#8221; row_padding_top=&#8221;padding_top_none&#8221; row_padding_bottom=&#8221;padding_bottom_none&#8221;][vc_column width=&#8221;1\/2&#8243; offset=&#8221;vc_col-lg-8 vc_col-md-7&#8243; css=&#8221;.vc_custom_1582022298364{background-image: url(https:\/\/www.hotel-argentiere.com\/wp-content\/uploads\/2020\/02\/Chamonix-golf-JC-POIROT-www.jcpoirot.com-TO-USE-UNTIL-24-MAY-2020.jpg?id=947) !important;background-position: center !important;background-repeat: no-repeat !important;background-size: cover !important;}&#8221; el_class=&#8221;col-sm-push-6 col-md-push-5 col-lg-push-4&#8243;][vc_empty_space height=&#8221;300px&#8221;][vc_empty_space height=&#8221;200px&#8221; el_class=&#8221;hidden-xs hidden-sm hidden-md&#8221;][vc_empty_space height=&#8221;100px&#8221; el_class=&#8221;hidden-xs&#8221;][vc_empty_space height=&#8221;100px&#8221; el_class=&#8221;hidden-xs hidden-sm&#8221;][\/vc_column][vc_column width=&#8221;1\/2&#8243; color_set=&#8221;white_section&#8221; align=&#8221;text-left&#8221; boxed=&#8221;boxed_plus&#8221; el_class=&#8221;col-sm-pull-6 col-md-pull-6 col-lg-pull-7&#8243; offset=&#8221;vc_col-lg-4 vc_col-md-5&#8243;]<div class=\"heading_group_sc wpb_content_element subtitle_top    text-left\">\n\n        <span class=\"subtitle\">Leisures<\/span>\n\n    <h4>Golf<\/h4>\n\n\n\n<\/div>[vc_column_text]<\/p>\n<p>A magnificent eighteen-hole golf course awaits you in Les Praz, at the foot of the Fl\u00e9g\u00e8re area. The golf course is open from May to mid-November following the melt and the arrival of snow.<\/p>\n<p>[\/vc_column_text]<div class=\"plethora_button wpb_content_element   text-left \">\n    <a href=\"https:\/\/www.golfdechamonix.com\/en\/\" class=\" btn btn-default  \" title=\"\"  target=\"_blank\">\n\n        \n        More information\n        \n\n    <\/a>\n<\/div>[\/vc_column][\/vc_row][vc_row full_width=&#8221;stretch_row_content_no_spaces&#8221; content_placement=&#8221;middle&#8221; row_padding_top=&#8221;padding_top_none&#8221; row_padding_bottom=&#8221;padding_bottom_none&#8221;][vc_column width=&#8221;1\/2&#8243; offset=&#8221;vc_col-lg-8 vc_col-md-7&#8243; css=&#8221;.vc_custom_1582022214165{background-image: url(https:\/\/www.hotel-argentiere.com\/wp-content\/uploads\/2020\/02\/Chamonix-Piscine-Municipale-Stephane-Marmonier.jpg?id=945) !important;background-position: center !important;background-repeat: no-repeat !important;background-size: cover !important;}&#8221;][vc_empty_space height=&#8221;300px&#8221;][vc_empty_space height=&#8221;200px&#8221; el_class=&#8221;hidden-xs hidden-sm hidden-md&#8221;][vc_empty_space height=&#8221;100px&#8221; el_class=&#8221;hidden-xs&#8221;][vc_empty_space height=&#8221;100px&#8221; el_class=&#8221;hidden-xs hidden-sm&#8221;][\/vc_column][vc_column width=&#8221;1\/2&#8243; color_set=&#8221;white_section&#8221; align=&#8221;text-left&#8221; boxed=&#8221;boxed_plus&#8221; el_class=&#8221;col-md-pull-1&#8243; offset=&#8221;vc_col-lg-4 vc_col-md-5&#8243;]<div class=\"heading_group_sc wpb_content_element subtitle_top    text-left\">\n\n        <span class=\"subtitle\">Leisures<\/span>\n\n    <h4>Swimming pool<\/h4>\n\n\n\n<\/div>[vc_column_text]<\/p>\n<p>All year round for the pleasure of young and old, the Chamonix swimming pool offers you an indoor pool, a giant slide, a jacuzzi, a sauna &#8230; In summer, there is an outdoor pool of 50 meters and an outdoor paddling pool. .<\/p>\n<p>[\/vc_column_text]<div class=\"plethora_button wpb_content_element   text-left \">\n    <a href=\"http:\/\/www.cc-valleedechamonixmontblanc.fr\/index.php\/sport\/piscine-sauna-hammam.html\" class=\" btn btn-default  \" title=\"\"  target=\"_blank\">\n\n        \n        Plus d&#039;informations\n        \n\n    <\/a>\n<\/div>[\/vc_column][\/vc_row][vc_row full_width=&#8221;stretch_row&#8221; css=&#8221;.vc_custom_1582025839171{background-color: #ffffff !important;}&#8221;][vc_column][vc_column_text]Photos Credits<br \/>\nAiguille-du-Midi- \u00a9 OT-Chamonix-Salome-Abrial<br \/>\nChamonix-golf \u00a9 JC-POIROT<br \/>\nChamonix-Piscine-Municipale \u00a9 Stephane-Marmonier<br \/>\nFlegere \u00a9 OT-Vallee-de-Chamonix-Mont-Blanc<br \/>\nMontenvers-Mer-de -Ice \u00a9 Morgane-Raylat[\/vc_column_text][\/vc_column][\/vc_row]<\/p>\n<\/div>","protected":false},"excerpt":{"rendered":"<p>[vc_row row_padding_bottom=&#8221;padding_bottom_1-2&#8243;][vc_column width=&#8221;5\/6&#8243; offset=&#8221;vc_col-md-offset-2 vc_col-md-8&#8243;][vc_column_text css=&#8221;.vc_custom_1600787476622{margin-top: 0px !important;margin-bottom: 40px !important;}&#8221;] Adjacent to the village of Argenti\u00e8re, Chamonix offers you various and varied activities to enhance your stay in winter as well as in summer. With family or friends you can enjoy outdoor sports activities, suitable for everyone&#8217;s pleasure. Take the Montenvers Train to see the [&hellip;]<\/p>\n","protected":false},"author":1,"featured_media":1128,"parent":0,"menu_order":0,"comment_status":"closed","ping_status":"closed","template":"","meta":{"footnotes":""},"class_list":["post-1206","page","type-page","status-publish","has-post-thumbnail","hentry"],"yoast_head":"<!-- This site is optimized with the Yoast SEO plugin v27.5 - https:\/\/yoast.com\/product\/yoast-seo-wordpress\/ -->\n<title>Chamonix - Hotel Le Dahu - Activities: skiing - hiking<\/title>\n<meta name=\"description\" content=\"Chamonix Mont-Blanc, located at the foot of the Br\u00e9vent-Fl\u00e8g\u00e8re ski area for skiing or hiking and the Aiguille du midi cable car.\" \/>\n<meta name=\"robots\" content=\"index, follow, max-snippet:-1, max-image-preview:large, max-video-preview:-1\" \/>\n<link rel=\"canonical\" href=\"https:\/\/www.hotel-argentiere.com\/en\/chamonix\/\" \/>\n<meta property=\"og:locale\" content=\"en_US\" \/>\n<meta property=\"og:type\" content=\"article\" \/>\n<meta property=\"og:title\" content=\"Chamonix - Hotel Le Dahu - Activities: skiing - hiking\" \/>\n<meta property=\"og:description\" content=\"Chamonix Mont-Blanc, located at the foot of the Br\u00e9vent-Fl\u00e8g\u00e8re ski area for skiing or hiking and the Aiguille du midi cable car.\" \/>\n<meta property=\"og:url\" content=\"https:\/\/www.hotel-argentiere.com\/en\/chamonix\/\" \/>\n<meta property=\"og:site_name\" content=\"Hotel Le Dahu\" \/>\n<meta property=\"article:publisher\" content=\"https:\/\/www.facebook.com\/LeDahu.chamonix\/\" \/>\n<meta property=\"article:modified_time\" content=\"2020-09-22T15:11:23+00:00\" \/>\n<meta property=\"og:image\" content=\"https:\/\/www.hotel-argentiere.com\/wp-content\/uploads\/2020\/02\/Aiguille-du-Midi-OT-Chamonix-Salome-Abrial.jpg\" \/>\n\t<meta property=\"og:image:width\" content=\"1486\" \/>\n\t<meta property=\"og:image:height\" content=\"541\" \/>\n\t<meta property=\"og:image:type\" content=\"image\/jpeg\" \/>\n<meta name=\"twitter:card\" content=\"summary_large_image\" \/>\n<meta name=\"twitter:label1\" content=\"Est. reading time\" \/>\n\t<meta name=\"twitter:data1\" content=\"6 minutes\" \/>\n<script type=\"application\/ld+json\" class=\"yoast-schema-graph\">{\"@context\":\"https:\\\/\\\/schema.org\",\"@graph\":[{\"@type\":\"WebPage\",\"@id\":\"https:\\\/\\\/www.hotel-argentiere.com\\\/en\\\/chamonix\\\/\",\"url\":\"https:\\\/\\\/www.hotel-argentiere.com\\\/en\\\/chamonix\\\/\",\"name\":\"Chamonix - Hotel Le Dahu - Activities: skiing - hiking\",\"isPartOf\":{\"@id\":\"https:\\\/\\\/www.hotel-argentiere.com\\\/en\\\/#website\"},\"primaryImageOfPage\":{\"@id\":\"https:\\\/\\\/www.hotel-argentiere.com\\\/en\\\/chamonix\\\/#primaryimage\"},\"image\":{\"@id\":\"https:\\\/\\\/www.hotel-argentiere.com\\\/en\\\/chamonix\\\/#primaryimage\"},\"thumbnailUrl\":\"https:\\\/\\\/www.hotel-argentiere.com\\\/wp-content\\\/uploads\\\/2020\\\/02\\\/Aiguille-du-Midi-OT-Chamonix-Salome-Abrial.jpg\",\"datePublished\":\"2020-09-20T16:08:28+00:00\",\"dateModified\":\"2020-09-22T15:11:23+00:00\",\"description\":\"Chamonix Mont-Blanc, located at the foot of the Br\u00e9vent-Fl\u00e8g\u00e8re ski area for skiing or hiking and the Aiguille du midi cable car.\",\"breadcrumb\":{\"@id\":\"https:\\\/\\\/www.hotel-argentiere.com\\\/en\\\/chamonix\\\/#breadcrumb\"},\"inLanguage\":\"en-US\",\"potentialAction\":[{\"@type\":\"ReadAction\",\"target\":[\"https:\\\/\\\/www.hotel-argentiere.com\\\/en\\\/chamonix\\\/\"]}]},{\"@type\":\"ImageObject\",\"inLanguage\":\"en-US\",\"@id\":\"https:\\\/\\\/www.hotel-argentiere.com\\\/en\\\/chamonix\\\/#primaryimage\",\"url\":\"https:\\\/\\\/www.hotel-argentiere.com\\\/wp-content\\\/uploads\\\/2020\\\/02\\\/Aiguille-du-Midi-OT-Chamonix-Salome-Abrial.jpg\",\"contentUrl\":\"https:\\\/\\\/www.hotel-argentiere.com\\\/wp-content\\\/uploads\\\/2020\\\/02\\\/Aiguille-du-Midi-OT-Chamonix-Salome-Abrial.jpg\",\"width\":1486,\"height\":541,\"caption\":\"panorama chamonix\"},{\"@type\":\"BreadcrumbList\",\"@id\":\"https:\\\/\\\/www.hotel-argentiere.com\\\/en\\\/chamonix\\\/#breadcrumb\",\"itemListElement\":[{\"@type\":\"ListItem\",\"position\":1,\"name\":\"Accueil\",\"item\":\"https:\\\/\\\/www.hotel-argentiere.com\\\/en\\\/\"},{\"@type\":\"ListItem\",\"position\":2,\"name\":\"Chamonix\"}]},{\"@type\":\"WebSite\",\"@id\":\"https:\\\/\\\/www.hotel-argentiere.com\\\/en\\\/#website\",\"url\":\"https:\\\/\\\/www.hotel-argentiere.com\\\/en\\\/\",\"name\":\"Hotel Le Dahu - Hotel Argenti\u00e8re - Chamonix mont-Blanc\",\"description\":\"Hotel ** \u00e0 Chamonix Mont-Blanc\",\"publisher\":{\"@id\":\"https:\\\/\\\/www.hotel-argentiere.com\\\/en\\\/#organization\"},\"potentialAction\":[{\"@type\":\"SearchAction\",\"target\":{\"@type\":\"EntryPoint\",\"urlTemplate\":\"https:\\\/\\\/www.hotel-argentiere.com\\\/en\\\/?s={search_term_string}\"},\"query-input\":{\"@type\":\"PropertyValueSpecification\",\"valueRequired\":true,\"valueName\":\"search_term_string\"}}],\"inLanguage\":\"en-US\"},{\"@type\":\"Organization\",\"@id\":\"https:\\\/\\\/www.hotel-argentiere.com\\\/en\\\/#organization\",\"name\":\"Hotel le Dahu\",\"url\":\"https:\\\/\\\/www.hotel-argentiere.com\\\/en\\\/\",\"logo\":{\"@type\":\"ImageObject\",\"inLanguage\":\"en-US\",\"@id\":\"https:\\\/\\\/www.hotel-argentiere.com\\\/en\\\/#\\\/schema\\\/logo\\\/image\\\/\",\"url\":\"https:\\\/\\\/www.hotel-argentiere.com\\\/wp-content\\\/uploads\\\/2019\\\/10\\\/le-dahu-hotel.png\",\"contentUrl\":\"https:\\\/\\\/www.hotel-argentiere.com\\\/wp-content\\\/uploads\\\/2019\\\/10\\\/le-dahu-hotel.png\",\"width\":195,\"height\":195,\"caption\":\"Hotel le Dahu\"},\"image\":{\"@id\":\"https:\\\/\\\/www.hotel-argentiere.com\\\/en\\\/#\\\/schema\\\/logo\\\/image\\\/\"},\"sameAs\":[\"https:\\\/\\\/www.facebook.com\\\/LeDahu.chamonix\\\/\"]}]}<\/script>\n<!-- \/ Yoast SEO plugin. -->","yoast_head_json":{"title":"Chamonix - Hotel Le Dahu - Activities: skiing - hiking","description":"Chamonix Mont-Blanc, located at the foot of the Br\u00e9vent-Fl\u00e8g\u00e8re ski area for skiing or hiking and the Aiguille du midi cable car.","robots":{"index":"index","follow":"follow","max-snippet":"max-snippet:-1","max-image-preview":"max-image-preview:large","max-video-preview":"max-video-preview:-1"},"canonical":"https:\/\/www.hotel-argentiere.com\/en\/chamonix\/","og_locale":"en_US","og_type":"article","og_title":"Chamonix - Hotel Le Dahu - Activities: skiing - hiking","og_description":"Chamonix Mont-Blanc, located at the foot of the Br\u00e9vent-Fl\u00e8g\u00e8re ski area for skiing or hiking and the Aiguille du midi cable car.","og_url":"https:\/\/www.hotel-argentiere.com\/en\/chamonix\/","og_site_name":"Hotel Le Dahu","article_publisher":"https:\/\/www.facebook.com\/LeDahu.chamonix\/","article_modified_time":"2020-09-22T15:11:23+00:00","og_image":[{"width":1486,"height":541,"url":"https:\/\/www.hotel-argentiere.com\/wp-content\/uploads\/2020\/02\/Aiguille-du-Midi-OT-Chamonix-Salome-Abrial.jpg","type":"image\/jpeg"}],"twitter_card":"summary_large_image","twitter_misc":{"Est. reading time":"6 minutes"},"schema":{"@context":"https:\/\/schema.org","@graph":[{"@type":"WebPage","@id":"https:\/\/www.hotel-argentiere.com\/en\/chamonix\/","url":"https:\/\/www.hotel-argentiere.com\/en\/chamonix\/","name":"Chamonix - Hotel Le Dahu - Activities: skiing - hiking","isPartOf":{"@id":"https:\/\/www.hotel-argentiere.com\/en\/#website"},"primaryImageOfPage":{"@id":"https:\/\/www.hotel-argentiere.com\/en\/chamonix\/#primaryimage"},"image":{"@id":"https:\/\/www.hotel-argentiere.com\/en\/chamonix\/#primaryimage"},"thumbnailUrl":"https:\/\/www.hotel-argentiere.com\/wp-content\/uploads\/2020\/02\/Aiguille-du-Midi-OT-Chamonix-Salome-Abrial.jpg","datePublished":"2020-09-20T16:08:28+00:00","dateModified":"2020-09-22T15:11:23+00:00","description":"Chamonix Mont-Blanc, located at the foot of the Br\u00e9vent-Fl\u00e8g\u00e8re ski area for skiing or hiking and the Aiguille du midi cable car.","breadcrumb":{"@id":"https:\/\/www.hotel-argentiere.com\/en\/chamonix\/#breadcrumb"},"inLanguage":"en-US","potentialAction":[{"@type":"ReadAction","target":["https:\/\/www.hotel-argentiere.com\/en\/chamonix\/"]}]},{"@type":"ImageObject","inLanguage":"en-US","@id":"https:\/\/www.hotel-argentiere.com\/en\/chamonix\/#primaryimage","url":"https:\/\/www.hotel-argentiere.com\/wp-content\/uploads\/2020\/02\/Aiguille-du-Midi-OT-Chamonix-Salome-Abrial.jpg","contentUrl":"https:\/\/www.hotel-argentiere.com\/wp-content\/uploads\/2020\/02\/Aiguille-du-Midi-OT-Chamonix-Salome-Abrial.jpg","width":1486,"height":541,"caption":"panorama chamonix"},{"@type":"BreadcrumbList","@id":"https:\/\/www.hotel-argentiere.com\/en\/chamonix\/#breadcrumb","itemListElement":[{"@type":"ListItem","position":1,"name":"Accueil","item":"https:\/\/www.hotel-argentiere.com\/en\/"},{"@type":"ListItem","position":2,"name":"Chamonix"}]},{"@type":"WebSite","@id":"https:\/\/www.hotel-argentiere.com\/en\/#website","url":"https:\/\/www.hotel-argentiere.com\/en\/","name":"Hotel Le Dahu - Hotel Argenti\u00e8re - Chamonix mont-Blanc","description":"Hotel ** \u00e0 Chamonix Mont-Blanc","publisher":{"@id":"https:\/\/www.hotel-argentiere.com\/en\/#organization"},"potentialAction":[{"@type":"SearchAction","target":{"@type":"EntryPoint","urlTemplate":"https:\/\/www.hotel-argentiere.com\/en\/?s={search_term_string}"},"query-input":{"@type":"PropertyValueSpecification","valueRequired":true,"valueName":"search_term_string"}}],"inLanguage":"en-US"},{"@type":"Organization","@id":"https:\/\/www.hotel-argentiere.com\/en\/#organization","name":"Hotel le Dahu","url":"https:\/\/www.hotel-argentiere.com\/en\/","logo":{"@type":"ImageObject","inLanguage":"en-US","@id":"https:\/\/www.hotel-argentiere.com\/en\/#\/schema\/logo\/image\/","url":"https:\/\/www.hotel-argentiere.com\/wp-content\/uploads\/2019\/10\/le-dahu-hotel.png","contentUrl":"https:\/\/www.hotel-argentiere.com\/wp-content\/uploads\/2019\/10\/le-dahu-hotel.png","width":195,"height":195,"caption":"Hotel le Dahu"},"image":{"@id":"https:\/\/www.hotel-argentiere.com\/en\/#\/schema\/logo\/image\/"},"sameAs":["https:\/\/www.facebook.com\/LeDahu.chamonix\/"]}]}},"_links":{"self":[{"href":"https:\/\/www.hotel-argentiere.com\/en\/wp-json\/wp\/v2\/pages\/1206","targetHints":{"allow":["GET"]}}],"collection":[{"href":"https:\/\/www.hotel-argentiere.com\/en\/wp-json\/wp\/v2\/pages"}],"about":[{"href":"https:\/\/www.hotel-argentiere.com\/en\/wp-json\/wp\/v2\/types\/page"}],"author":[{"embeddable":true,"href":"https:\/\/www.hotel-argentiere.com\/en\/wp-json\/wp\/v2\/users\/1"}],"replies":[{"embeddable":true,"href":"https:\/\/www.hotel-argentiere.com\/en\/wp-json\/wp\/v2\/comments?post=1206"}],"version-history":[{"count":8,"href":"https:\/\/www.hotel-argentiere.com\/en\/wp-json\/wp\/v2\/pages\/1206\/revisions"}],"predecessor-version":[{"id":1324,"href":"https:\/\/www.hotel-argentiere.com\/en\/wp-json\/wp\/v2\/pages\/1206\/revisions\/1324"}],"wp:featuredmedia":[{"embeddable":true,"href":"https:\/\/www.hotel-argentiere.com\/en\/wp-json\/wp\/v2\/media\/1128"}],"wp:attachment":[{"href":"https:\/\/www.hotel-argentiere.com\/en\/wp-json\/wp\/v2\/media?parent=1206"}],"curies":[{"name":"wp","href":"https:\/\/api.w.org\/{rel}","templated":true}]}}